{"id":1807,"date":"2025-06-06T21:27:59","date_gmt":"2025-06-06T16:27:59","guid":{"rendered":"https:\/\/octosafes.com\/?page_id=1807"},"modified":"2025-06-20T08:54:20","modified_gmt":"2025-06-20T03:54:20","slug":"managed-security-services","status":"publish","type":"page","link":"https:\/\/octosafes.com\/fr\/managed-security-services\/","title":{"rendered":"Services de S\u00e9curit\u00e9 G\u00e9r\u00e9s"},"content":{"rendered":"","protected":false},"excerpt":{"rendered":"","protected":false},"author":1,"featured_media":0,"parent":0,"menu_order":0,"comment_status":"closed","ping_status":"closed","template":"elementor_theme","meta":{"footnotes":""},"class_list":["post-1807","page","type-page","status-publish","hentry"],"_links":{"self":[{"href":"https:\/\/octosafes.com\/fr\/wp-json\/wp\/v2\/pages\/1807","targetHints":{"allow":["GET"]}}],"collection":[{"href":"https:\/\/octosafes.com\/fr\/wp-json\/wp\/v2\/pages"}],"about":[{"href":"https:\/\/octosafes.com\/fr\/wp-json\/wp\/v2\/types\/page"}],"author":[{"embeddable":true,"href":"https:\/\/octosafes.com\/fr\/wp-json\/wp\/v2\/users\/1"}],"replies":[{"embeddable":true,"href":"https:\/\/octosafes.com\/fr\/wp-json\/wp\/v2\/comments?post=1807"}],"version-history":[{"count":1,"href":"https:\/\/octosafes.com\/fr\/wp-json\/wp\/v2\/pages\/1807\/revisions"}],"predecessor-version":[{"id":1808,"href":"https:\/\/octosafes.com\/fr\/wp-json\/wp\/v2\/pages\/1807\/revisions\/1808"}],"wp:attachment":[{"href":"https:\/\/octosafes.com\/fr\/wp-json\/wp\/v2\/media?parent=1807"}],"curies":[{"name":"wp","href":"https:\/\/api.w.org\/{rel}","templated":true}]}}